{"id":5761,"date":"2024-08-17T23:38:49","date_gmt":"2024-08-17T23:38:49","guid":{"rendered":"https:\/\/apextrading.us\/?page_id=5761"},"modified":"2024-08-18T23:08:36","modified_gmt":"2024-08-18T23:08:36","slug":"fertilizers","status":"publish","type":"page","link":"https:\/\/apextrading.us\/es\/fertilizers\/","title":{"rendered":"Fertilizantes"},"content":{"rendered":"<div data-elementor-type=\"wp-page\" data-elementor-id=\"5761\" class=\"elementor elementor-5761\" data-elementor-post-type=\"page\">\n\t\t\t\t<div class=\"elementor-element elementor-element-474798eb e-flex e-con-boxed e-con e-parent\" data-id=\"474798eb\" data-element_type=\"container\" data-e-type=\"container\" data-settings=\"{&quot;background_background&quot;:&quot;classic&quot;}\">\n\t\t\t\t\t<div class=\"e-con-inner\">\n\t\t\t\t<div class=\"elementor-element elementor-element-191ecb07 elementor-widget elementor-widget-heading\" data-id=\"191ecb07\" data-element_type=\"widget\" data-e-type=\"widget\" data-widget_type=\"heading.default\">\n\t\t\t\t<div class=\"elementor-widget-container\">\n\t\t\t\t\t<h1 class=\"elementor-heading-title elementor-size-default\">FERTILIZANTES<\/h1>\t\t\t\t<\/div>\n\t\t\t\t<\/div>\n\t\t\t\t\t<\/div>\n\t\t\t\t<\/div>\n\t\t<div class=\"elementor-element elementor-element-b80bf31 e-flex e-con-boxed e-con e-parent\" data-id=\"b80bf31\" data-element_type=\"container\" data-e-type=\"container\" data-settings=\"{&quot;background_background&quot;:&quot;classic&quot;}\">\n\t\t\t\t\t<div class=\"e-con-inner\">\n\t\t\t\t<div class=\"elementor-element elementor-element-794a907 elementor-widget elementor-widget-heading\" data-id=\"794a907\" data-element_type=\"widget\" data-e-type=\"widget\" data-widget_type=\"heading.default\">\n\t\t\t\t<div class=\"elementor-widget-container\">\n\t\t\t\t\t<h3 class=\"elementor-heading-title elementor-size-default\">\u00a1Fertilizantes premium para cada necesidad!<\/h3>\t\t\t\t<\/div>\n\t\t\t\t<\/div>\n\t\t\t\t<div class=\"elementor-element elementor-element-e0e542d elementor-widget elementor-widget-heading\" data-id=\"e0e542d\" data-element_type=\"widget\" data-e-type=\"widget\" data-widget_type=\"heading.default\">\n\t\t\t\t<div class=\"elementor-widget-container\">\n\t\t\t\t\t<h4 class=\"elementor-heading-title elementor-size-default\">Nutriendo los cultivos del mundo con fertilizantes de alta calidad<\/h4>\t\t\t\t<\/div>\n\t\t\t\t<\/div>\n\t\t\t\t<div class=\"elementor-element elementor-element-d4ae4e3 elementor-widget elementor-widget-text-editor\" data-id=\"d4ae4e3\" data-element_type=\"widget\" data-e-type=\"widget\" data-widget_type=\"text-editor.default\">\n\t\t\t\t<div class=\"elementor-widget-container\">\n\t\t\t\t\t\t\t\t\t<p>En APEX TRADING, estamos comprometidos a proporcionar a los agricultores y negocios agr\u00edcolas fertilizantes de primera calidad que mejoran la fertilidad del suelo y aumentan los rendimientos de los cultivos. Nuestra amplia gama de fertilizantes proviene de productores de clase mundial y est\u00e1 dise\u00f1ada para satisfacer las necesidades espec\u00edficas de diversos cultivos y tipos de suelo, garantizando un crecimiento y productividad \u00f3ptimos.<\/p>\t\t\t\t\t\t\t\t<\/div>\n\t\t\t\t<\/div>\n\t\t\t\t\t<\/div>\n\t\t\t\t<\/div>\n\t\t<div class=\"elementor-element elementor-element-ab6bd08 e-flex e-con-boxed e-con e-parent\" data-id=\"ab6bd08\" data-element_type=\"container\" data-e-type=\"container\" data-settings=\"{&quot;background_background&quot;:&quot;classic&quot;}\">\n\t\t\t\t\t<div class=\"e-con-inner\">\n\t\t<div class=\"elementor-element elementor-element-6a6cea6 e-con-full e-flex e-con e-child\" data-id=\"6a6cea6\" data-element_type=\"container\" data-e-type=\"container\">\n\t\t<div class=\"elementor-element elementor-element-52cc749 e-con-full e-flex e-con e-child\" data-id=\"52cc749\" data-element_type=\"container\" data-e-type=\"container\">\n\t\t\t\t<div class=\"elementor-element elementor-element-8055d5f elementor-widget elementor-widget-image\" data-id=\"8055d5f\" data-element_type=\"widget\" data-e-type=\"widget\" data-widget_type=\"image.default\">\n\t\t\t\t<div class=\"elementor-widget-container\">\n\t\t\t\t\t\t\t\t\t\t\t\t\t\t\t<img fetchpriority=\"high\" decoding=\"async\" width=\"480\" height=\"336\" src=\"https:\/\/apextrading.us\/wp-content\/uploads\/2024\/08\/fer1.jpg\" class=\"elementor-animation-grow attachment-large size-large wp-image-5767\" alt=\"\" srcset=\"https:\/\/apextrading.us\/wp-content\/uploads\/2024\/08\/fer1.jpg 480w, https:\/\/apextrading.us\/wp-content\/uploads\/2024\/08\/fer1-300x210.jpg 300w, https:\/\/apextrading.us\/wp-content\/uploads\/2024\/08\/fer1-18x12.jpg 18w\" sizes=\"(max-width: 480px) 100vw, 480px\" \/>\t\t\t\t\t\t\t\t\t\t\t\t\t\t\t<\/div>\n\t\t\t\t<\/div>\n\t\t\t\t<div class=\"elementor-element elementor-element-6ae95d7 elementor-widget elementor-widget-heading\" data-id=\"6ae95d7\" data-element_type=\"widget\" data-e-type=\"widget\" data-widget_type=\"heading.default\">\n\t\t\t\t<div class=\"elementor-widget-container\">\n\t\t\t\t\t<h3 class=\"elementor-heading-title elementor-size-default\">Fosfato monoam\u00f3nico (MAP)<\/h3>\t\t\t\t<\/div>\n\t\t\t\t<\/div>\n\t\t\t\t<div class=\"elementor-element elementor-element-fae36c2 elementor-widget elementor-widget-text-editor\" data-id=\"fae36c2\" data-element_type=\"widget\" data-e-type=\"widget\" data-widget_type=\"text-editor.default\">\n\t\t\t\t<div class=\"elementor-widget-container\">\n\t\t\t\t\t\t\t\t\t<p>El fosfato monoam\u00f3nico (MAP) es una fuente altamente eficiente de f\u00f3sforo y nitr\u00f3geno, lo que lo convierte en una opci\u00f3n popular para fertilizar cultivos que requieren un comienzo vigoroso en su ciclo de crecimiento. Proporciona a las plantas nutrientes esenciales que apoyan el desarrollo de las ra\u00edces y la transferencia de energ\u00eda dentro de la planta.<br \/><br \/><\/p><p><strong>Aplicaciones:<\/strong><br \/>El MAP se utiliza ampliamente en la agricultura, especialmente en cultivos como cereales, frutas y verduras, as\u00ed como en c\u00e9sped y paisajismo. Es particularmente efectivo durante las primeras etapas de crecimiento de las plantas, donde el f\u00f3sforo es crucial para el desarrollo de las ra\u00edces.<br \/><br \/><\/p><p><strong>Beneficios:<\/strong><\/p><ul><li><strong>Alto contenido de f\u00f3sforo:<\/strong> Garantiza un crecimiento fuerte de las ra\u00edces y un desarrollo temprano de la planta.<\/li><li><strong>Nutrici\u00f3n equilibrada:<\/strong> Proporciona un buen equilibrio de nitr\u00f3geno y f\u00f3sforo, esenciales para un crecimiento saludable de las plantas.<\/li><li><strong>Uso vers\u00e1til:<\/strong> Apto para una variedad de tipos de suelo y cultivos.<\/li><li><strong>Bajo riesgo de lixiviaci\u00f3n de nutrientes.<\/strong> El MAP es menos propenso a la lixiviaci\u00f3n en comparaci\u00f3n con otras fuentes de f\u00f3sforo, lo que lo hace respetuoso con el medio ambiente.<\/li><\/ul><p><strong>Embalaje:<\/strong><br \/>Disponible en sacos de 50 kg o en pedidos a granel, seg\u00fan tus necesidades.<\/p>\t\t\t\t\t\t\t\t<\/div>\n\t\t\t\t<\/div>\n\t\t\t\t<\/div>\n\t\t\t\t<\/div>\n\t\t<div class=\"elementor-element elementor-element-1deff9b e-con-full e-flex e-con e-child\" data-id=\"1deff9b\" data-element_type=\"container\" data-e-type=\"container\">\n\t\t<div class=\"elementor-element elementor-element-9dfbb8a e-con-full e-flex e-con e-child\" data-id=\"9dfbb8a\" data-element_type=\"container\" data-e-type=\"container\">\n\t\t\t\t<div class=\"elementor-element elementor-element-488c1e6 elementor-widget elementor-widget-image\" data-id=\"488c1e6\" data-element_type=\"widget\" data-e-type=\"widget\" data-widget_type=\"image.default\">\n\t\t\t\t<div class=\"elementor-widget-container\">\n\t\t\t\t\t\t\t\t\t\t\t\t\t\t\t<img decoding=\"async\" width=\"480\" height=\"336\" src=\"https:\/\/apextrading.us\/wp-content\/uploads\/2024\/08\/fer2.jpg\" class=\"elementor-animation-grow attachment-large size-large wp-image-5768\" alt=\"\" srcset=\"https:\/\/apextrading.us\/wp-content\/uploads\/2024\/08\/fer2.jpg 480w, https:\/\/apextrading.us\/wp-content\/uploads\/2024\/08\/fer2-300x210.jpg 300w, https:\/\/apextrading.us\/wp-content\/uploads\/2024\/08\/fer2-18x12.jpg 18w\" sizes=\"(max-width: 480px) 100vw, 480px\" \/>\t\t\t\t\t\t\t\t\t\t\t\t\t\t\t<\/div>\n\t\t\t\t<\/div>\n\t\t\t\t<div class=\"elementor-element elementor-element-ccb0138 elementor-widget elementor-widget-heading\" data-id=\"ccb0138\" data-element_type=\"widget\" data-e-type=\"widget\" data-widget_type=\"heading.default\">\n\t\t\t\t<div class=\"elementor-widget-container\">\n\t\t\t\t\t<h3 class=\"elementor-heading-title elementor-size-default\"> Fosfato de amonio (DAP 18-46-00)<\/h3>\t\t\t\t<\/div>\n\t\t\t\t<\/div>\n\t\t\t\t<div class=\"elementor-element elementor-element-889158b elementor-widget elementor-widget-text-editor\" data-id=\"889158b\" data-element_type=\"widget\" data-e-type=\"widget\" data-widget_type=\"text-editor.default\">\n\t\t\t\t<div class=\"elementor-widget-container\">\n\t\t\t\t\t\t\t\t\t<p>El fosfato diam\u00f3nico (DAP 18-46-00) es un fertilizante binario altamente efectivo, que contiene un 18% de nitr\u00f3geno (N) y un 46% de f\u00f3sforo (P2O5). Este fertilizante en forma de gr\u00e1nulos complejos se utiliza ampliamente en la agricultura para proporcionar nutrientes esenciales que promueven un desarrollo robusto de las ra\u00edces y un crecimiento vigoroso de las plantas.\u00a0<br \/><br \/><\/p><p><strong>Aplicaciones:<\/strong><br \/>El DAP es adecuado para una amplia gama de cultivos, incluidos cereales, verduras, frutas y oleaginosas. Se puede aplicar en el momento de la siembra o durante las primeras etapas de crecimiento para asegurar que los cultivos reciban los nutrientes necesarios para un desarrollo \u00f3ptimo.\u00a0<br \/><br \/><\/p><p><strong>Beneficios:<\/strong><\/p><ul><li><strong>Alto contenido de f\u00f3sforo:<\/strong> Apoya el desarrollo robusto de las ra\u00edces y la transferencia de energ\u00eda dentro de la planta.<\/li><li><strong>Suministro equilibrado de nitr\u00f3geno:<\/strong> Proporciona una fuente constante de nitr\u00f3geno para mejorar el crecimiento general de la planta.<\/li><li><strong>Aplicaci\u00f3n vers\u00e1til:<\/strong> Apto para varios tipos de suelo y adaptable a diferentes condiciones clim\u00e1ticas.<\/li><li><strong>Aprovechamiento eficiente de nutrientes:<\/strong> La forma granulada permite una distribuci\u00f3n uniforme y minimiza la p\u00e9rdida de nutrientes.<\/li><\/ul><p><strong>Embalaje:<\/strong><br \/>Disponible en sacos de 50 kg o en cantidades a granel.<\/p><p>\u00a0<\/p>\t\t\t\t\t\t\t\t<\/div>\n\t\t\t\t<\/div>\n\t\t\t\t<\/div>\n\t\t\t\t<\/div>\n\t\t\t\t\t<\/div>\n\t\t\t\t<\/div>\n\t\t<div class=\"elementor-element elementor-element-22b0297 e-flex e-con-boxed e-con e-parent\" data-id=\"22b0297\" data-element_type=\"container\" data-e-type=\"container\" data-settings=\"{&quot;background_background&quot;:&quot;classic&quot;}\">\n\t\t\t\t\t<div class=\"e-con-inner\">\n\t\t<div class=\"elementor-element elementor-element-3832e3f e-con-full e-flex e-con e-child\" data-id=\"3832e3f\" data-element_type=\"container\" data-e-type=\"container\">\n\t\t<div class=\"elementor-element elementor-element-2b0bd03 e-con-full e-flex e-con e-child\" data-id=\"2b0bd03\" data-element_type=\"container\" data-e-type=\"container\">\n\t\t\t\t<div class=\"elementor-element elementor-element-131966a elementor-widget elementor-widget-image\" data-id=\"131966a\" data-element_type=\"widget\" data-e-type=\"widget\" data-widget_type=\"image.default\">\n\t\t\t\t<div class=\"elementor-widget-container\">\n\t\t\t\t\t\t\t\t\t\t\t\t\t\t\t<img decoding=\"async\" width=\"480\" height=\"336\" src=\"https:\/\/apextrading.us\/wp-content\/uploads\/2024\/08\/fer3.jpg\" class=\"elementor-animation-grow attachment-large size-large wp-image-5769\" alt=\"\" srcset=\"https:\/\/apextrading.us\/wp-content\/uploads\/2024\/08\/fer3.jpg 480w, https:\/\/apextrading.us\/wp-content\/uploads\/2024\/08\/fer3-300x210.jpg 300w, https:\/\/apextrading.us\/wp-content\/uploads\/2024\/08\/fer3-18x12.jpg 18w\" sizes=\"(max-width: 480px) 100vw, 480px\" \/>\t\t\t\t\t\t\t\t\t\t\t\t\t\t\t<\/div>\n\t\t\t\t<\/div>\n\t\t\t\t<div class=\"elementor-element elementor-element-5c58c0c elementor-widget elementor-widget-heading\" data-id=\"5c58c0c\" data-element_type=\"widget\" data-e-type=\"widget\" data-widget_type=\"heading.default\">\n\t\t\t\t<div class=\"elementor-widget-container\">\n\t\t\t\t\t<h3 class=\"elementor-heading-title elementor-size-default\">Fosfato superdosis triple (TSP)<\/h3>\t\t\t\t<\/div>\n\t\t\t\t<\/div>\n\t\t\t\t<div class=\"elementor-element elementor-element-7cff1c6 elementor-widget elementor-widget-text-editor\" data-id=\"7cff1c6\" data-element_type=\"widget\" data-e-type=\"widget\" data-widget_type=\"text-editor.default\">\n\t\t\t\t<div class=\"elementor-widget-container\">\n\t\t\t\t\t\t\t\t\t<p>El fosfato superdosis triple (TSP) es un fertilizante de f\u00f3sforo altamente concentrado, que contiene un 46% de P2O5, lo que lo convierte en una de las fuentes de f\u00f3sforo m\u00e1s potentes disponibles para uso agr\u00edcola. El TSP se produce mediante el tratamiento de roca fosf\u00e1tica con \u00e1cido fosf\u00f3rico, lo que da como resultado un fertilizante que proporciona f\u00f3sforo f\u00e1cilmente disponible para las plantas, promoviendo un desarrollo robusto de las ra\u00edces y mejorando la salud general de las plantas.<br \/><br \/><\/p><p><strong>Aplicaciones:<\/strong><br \/>El TSP se utiliza ampliamente en la agricultura para aumentar los niveles de f\u00f3sforo en los suelos, especialmente en \u00e1reas donde la deficiencia de f\u00f3sforo limita el crecimiento de los cultivos. Es ideal para su uso en una variedad de cultivos, incluidos cereales, leguminosas, frutas y verduras, y se puede aplicar antes o durante la siembra para asegurar que los cultivos tengan acceso al f\u00f3sforo que necesitan.\u00a0<br \/><br \/><\/p><p><strong>Beneficios:<\/strong><\/p><ul><li><strong>Alto contenido de f\u00f3sforo:<\/strong> Contiene un 46% de P2O5, proporcionando una fuente concentrada de f\u00f3sforo para los cultivos.<\/li><li><strong>Promueve el desarrollo de las ra\u00edces:<\/strong> Esencial para un crecimiento fuerte de las ra\u00edces, lo que conduce a plantas m\u00e1s saludables y productivas.<\/li><li><strong>Mejora los rendimientos de los cultivos:<\/strong> Favorece una mejor floraci\u00f3n y fructificaci\u00f3n, lo que finalmente conduce a mayores rendimientos.<\/li><li><strong>Aplicaci\u00f3n vers\u00e1til:<\/strong> Apto para una amplia variedad de cultivos y tipos de suelo.<\/li><\/ul><p><strong>Embalaje:<\/strong><br \/>El fosfato superdosis triple est\u00e1 disponible en sacos de 50 kg y en cantidades a granel para adaptarse a diferentes necesidades agr\u00edcolas.<\/p><p>\u00a0<\/p>\t\t\t\t\t\t\t\t<\/div>\n\t\t\t\t<\/div>\n\t\t\t\t<\/div>\n\t\t\t\t<\/div>\n\t\t<div class=\"elementor-element elementor-element-018ca63 e-con-full e-flex e-con e-child\" data-id=\"018ca63\" data-element_type=\"container\" data-e-type=\"container\">\n\t\t<div class=\"elementor-element elementor-element-6b3dd62 e-con-full e-flex e-con e-child\" data-id=\"6b3dd62\" data-element_type=\"container\" data-e-type=\"container\">\n\t\t\t\t<div class=\"elementor-element elementor-element-5a18ac6 elementor-widget elementor-widget-image\" data-id=\"5a18ac6\" data-element_type=\"widget\" data-e-type=\"widget\" data-widget_type=\"image.default\">\n\t\t\t\t<div class=\"elementor-widget-container\">\n\t\t\t\t\t\t\t\t\t\t\t\t\t\t\t<img loading=\"lazy\" decoding=\"async\" width=\"480\" height=\"336\" src=\"https:\/\/apextrading.us\/wp-content\/uploads\/2024\/08\/fer4.jpg\" class=\"elementor-animation-grow attachment-large size-large wp-image-5770\" alt=\"\" srcset=\"https:\/\/apextrading.us\/wp-content\/uploads\/2024\/08\/fer4.jpg 480w, https:\/\/apextrading.us\/wp-content\/uploads\/2024\/08\/fer4-300x210.jpg 300w, https:\/\/apextrading.us\/wp-content\/uploads\/2024\/08\/fer4-18x12.jpg 18w\" sizes=\"(max-width: 480px) 100vw, 480px\" \/>\t\t\t\t\t\t\t\t\t\t\t\t\t\t\t<\/div>\n\t\t\t\t<\/div>\n\t\t\t\t<div class=\"elementor-element elementor-element-510ffec elementor-widget elementor-widget-heading\" data-id=\"510ffec\" data-element_type=\"widget\" data-e-type=\"widget\" data-widget_type=\"heading.default\">\n\t\t\t\t<div class=\"elementor-widget-container\">\n\t\t\t\t\t<h3 class=\"elementor-heading-title elementor-size-default\">Roca fosf\u00f3rica<\/h3>\t\t\t\t<\/div>\n\t\t\t\t<\/div>\n\t\t\t\t<div class=\"elementor-element elementor-element-0798d41 elementor-widget elementor-widget-text-editor\" data-id=\"0798d41\" data-element_type=\"widget\" data-e-type=\"widget\" data-widget_type=\"text-editor.default\">\n\t\t\t\t<div class=\"elementor-widget-container\">\n\t\t\t\t\t\t\t\t\t<p>La roca fosf\u00f3rica es un mineral natural utilizado como materia prima en la producci\u00f3n de fertilizantes fosfatados y otros productos que contienen f\u00f3sforo. Es una fuente clave de f\u00f3sforo (P), un nutriente esencial que apoya el desarrollo de las ra\u00edces, la transferencia de energ\u00eda y la salud general de las plantas. La roca fosf\u00f3rica se procesa generalmente en diversas formas de fertilizantes fosfatados, como superfosfato, fosfato monoam\u00f3nico (MAP) y fosfato diam\u00f3nico (DAP).<br \/><br \/><\/p><p><strong>Aplicaciones:<\/strong><br \/>La roca fosf\u00f3rica se utiliza principalmente en la industria agr\u00edcola para producir fertilizantes fosfatados, que luego se aplican a una amplia variedad de cultivos, incluidos cereales, frutas, verduras y oleaginosas. Tambi\u00e9n se usa en la producci\u00f3n de suplementos alimenticios para animales, productos qu\u00edmicos industriales y, en algunos casos, como fertilizante de aplicaci\u00f3n directa en ciertos tipos de suelo.<br \/><br \/><\/p><p><strong>Beneficios:<\/strong><\/p><ul><li><strong>Alto contenido de f\u00f3sforo:<\/strong> Proporciona un nutriente esencial que es crucial para el desarrollo de las ra\u00edces y el crecimiento de las plantas.<\/li><li><strong>Fuente sostenible:<\/strong> La roca fosf\u00f3rica es un recurso natural y abundante, lo que la convierte en un componente clave para la agricultura sostenible.<\/li><li><strong>Uso vers\u00e1til:<\/strong> Se puede procesar en diversas formas de fertilizantes fosfatados para adaptarse a diferentes necesidades agr\u00edcolas.<\/li><li><strong>Salud del suelo:<\/strong> Ayuda a mejorar la fertilidad del suelo al proporcionar una fuente de f\u00f3sforo a largo plazo.<\/li><\/ul><p><strong>Embalaje:<\/strong><br \/>La roca fosf\u00f3rica se suministra t\u00edpicamente en cantidades a granel para satisfacer las necesidades de los fabricantes de fertilizantes y las operaciones agr\u00edcolas a gran escala.<\/p>\t\t\t\t\t\t\t\t<\/div>\n\t\t\t\t<\/div>\n\t\t\t\t<\/div>\n\t\t\t\t<\/div>\n\t\t\t\t\t<\/div>\n\t\t\t\t<\/div>\n\t\t<div class=\"elementor-element elementor-element-6a7069f5 e-flex e-con-boxed e-con e-parent\" data-id=\"6a7069f5\" data-element_type=\"container\" data-e-type=\"container\" data-settings=\"{&quot;background_background&quot;:&quot;classic&quot;}\">\n\t\t\t\t\t<div class=\"e-con-inner\">\n\t\t<div class=\"elementor-element elementor-element-36ee52ad e-con-full e-flex e-con e-child\" data-id=\"36ee52ad\" data-element_type=\"container\" data-e-type=\"container\">\n\t\t\t\t<\/div>\n\t\t<div class=\"elementor-element elementor-element-2a095558 e-con-full e-flex e-con e-child\" data-id=\"2a095558\" data-element_type=\"container\" data-e-type=\"container\">\n\t\t\t\t<div class=\"elementor-element elementor-element-52eff55c elementor-widget elementor-widget-heading\" data-id=\"52eff55c\" data-element_type=\"widget\" data-e-type=\"widget\" data-widget_type=\"heading.default\">\n\t\t\t\t<div class=\"elementor-widget-container\">\n\t\t\t\t\t<h3 class=\"elementor-heading-title elementor-size-default\">Enlaces de inter\u00e9s<\/h3>\t\t\t\t<\/div>\n\t\t\t\t<\/div>\n\t\t\t\t<div class=\"elementor-element elementor-element-1c3d7f8e elementor-widget elementor-widget-text-editor\" data-id=\"1c3d7f8e\" data-element_type=\"widget\" data-e-type=\"widget\" data-widget_type=\"text-editor.default\">\n\t\t\t\t<div class=\"elementor-widget-container\">\n\t\t\t\t\t\t\t\t\t<p><strong><a href=\"http:\/\/www.fertilizer.org\" target=\"_blank\" rel=\"noopener\">Organizaci\u00f3n de las Naciones Unidas para la Alimentaci\u00f3n y la Agricultura (FAO)<br \/><br \/>Asociaci\u00f3n Internacional de Fertilizantes (IFA)<\/a><\/strong><\/p><p>\u00a0<\/p><p><strong><a href=\"https:\/\/www.sare.org\/\">Investigaci\u00f3n y Educaci\u00f3n en Agricultura Sostenible (SARE)<\/a><\/strong><\/p>\t\t\t\t\t\t\t\t<\/div>\n\t\t\t\t<\/div>\n\t\t\t\t<\/div>\n\t\t\t\t\t<\/div>\n\t\t\t\t<\/div>\n\t\t\t\t<\/div>","protected":false},"excerpt":{"rendered":"<p>FERTILIZERS Premium Fertilizers for Every Need Nourishing the World&#8217;s Crops with High-Quality Fertilizers At APEX TRADING, we are committed to providing farmers and agricultural businesses with top-tier fertilizers that enhance soil fertility and boost crop yields. Our extensive range of fertilizers offerings are sourced from World-class Producers and designed to meet the specific needs of [&hellip;]<\/p>\n","protected":false},"author":2,"featured_media":0,"parent":0,"menu_order":0,"comment_status":"closed","ping_status":"closed","template":"","meta":{"site-sidebar-layout":"no-sidebar","site-content-layout":"page-builder","ast-site-content-layout":"full-width-container","site-content-style":"default","site-sidebar-style":"default","ast-global-header-display":"","ast-banner-title-visibility":"","ast-main-header-display":"","ast-hfb-above-header-display":"","ast-hfb-below-header-display":"","ast-hfb-mobile-header-display":"","site-post-title":"disabled","ast-breadcrumbs-content":"","ast-featured-img":"disabled","footer-sml-layout":"","theme-transparent-header-meta":"","adv-header-id-meta":"","stick-header-meta":"","header-above-stick-meta":"","header-main-stick-meta":"","header-below-stick-meta":"","astra-migrate-meta-layouts":"set","ast-page-background-enabled":"default","ast-page-background-meta":{"desktop":{"background-color":"var(--ast-global-color-4)","background-image":"","background-repeat":"repeat","background-position":"center center","background-size":"auto","background-attachment":"scroll","background-type":"","background-media":"","overlay-type":"","overlay-color":"","overlay-opacity":"","overlay-gradient":""},"tablet":{"background-color":"","background-image":"","background-repeat":"repeat","background-position":"center center","background-size":"auto","background-attachment":"scroll","background-type":"","background-media":"","overlay-type":"","overlay-color":"","overlay-opacity":"","overlay-gradient":""},"mobile":{"background-color":"","background-image":"","background-repeat":"repeat","background-position":"center center","background-size":"auto","background-attachment":"scroll","background-type":"","background-media":"","overlay-type":"","overlay-color":"","overlay-opacity":"","overlay-gradient":""}},"ast-content-background-meta":{"desktop":{"background-color":"var(--ast-global-color-5)","background-image":"","background-repeat":"repeat","background-position":"center center","background-size":"auto","background-attachment":"scroll","background-type":"","background-media":"","overlay-type":"","overlay-color":"","overlay-opacity":"","overlay-gradient":""},"tablet":{"background-color":"var(--ast-global-color-5)","background-image":"","background-repeat":"repeat","background-position":"center center","background-size":"auto","background-attachment":"scroll","background-type":"","background-media":"","overlay-type":"","overlay-color":"","overlay-opacity":"","overlay-gradient":""},"mobile":{"background-color":"var(--ast-global-color-5)","background-image":"","background-repeat":"repeat","background-position":"center center","background-size":"auto","background-attachment":"scroll","background-type":"","background-media":"","overlay-type":"","overlay-color":"","overlay-opacity":"","overlay-gradient":""}},"footnotes":""},"class_list":["post-5761","page","type-page","status-publish","hentry"],"_links":{"self":[{"href":"https:\/\/apextrading.us\/es\/wp-json\/wp\/v2\/pages\/5761","targetHints":{"allow":["GET"]}}],"collection":[{"href":"https:\/\/apextrading.us\/es\/wp-json\/wp\/v2\/pages"}],"about":[{"href":"https:\/\/apextrading.us\/es\/wp-json\/wp\/v2\/types\/page"}],"author":[{"embeddable":true,"href":"https:\/\/apextrading.us\/es\/wp-json\/wp\/v2\/users\/2"}],"replies":[{"embeddable":true,"href":"https:\/\/apextrading.us\/es\/wp-json\/wp\/v2\/comments?post=5761"}],"version-history":[{"count":98,"href":"https:\/\/apextrading.us\/es\/wp-json\/wp\/v2\/pages\/5761\/revisions"}],"predecessor-version":[{"id":5909,"href":"https:\/\/apextrading.us\/es\/wp-json\/wp\/v2\/pages\/5761\/revisions\/5909"}],"wp:attachment":[{"href":"https:\/\/apextrading.us\/es\/wp-json\/wp\/v2\/media?parent=5761"}],"curies":[{"name":"wp","href":"https:\/\/api.w.org\/{rel}","templated":true}]}}