{"id":3605,"date":"2021-11-21T15:14:41","date_gmt":"2021-11-21T15:14:41","guid":{"rendered":"http:\/\/apextrading.us\/services"},"modified":"2025-04-02T00:14:28","modified_gmt":"2025-04-02T00:14:28","slug":"legumes-grains","status":"publish","type":"page","link":"https:\/\/apextrading.us\/es\/legumes-grains\/","title":{"rendered":"LENTEJAS Y CEREALES"},"content":{"rendered":"<div data-elementor-type=\"wp-page\" data-elementor-id=\"3605\" class=\"elementor elementor-3605\" data-elementor-post-type=\"page\">\n\t\t\t\t<div class=\"elementor-element elementor-element-7fe43966 e-flex e-con-boxed e-con e-parent\" data-id=\"7fe43966\" data-element_type=\"container\" data-e-type=\"container\" data-settings=\"{&quot;background_background&quot;:&quot;classic&quot;}\">\n\t\t\t\t\t<div class=\"e-con-inner\">\n\t\t\t\t<div class=\"elementor-element elementor-element-2debb0f elementor-widget elementor-widget-heading\" data-id=\"2debb0f\" data-element_type=\"widget\" data-e-type=\"widget\" data-widget_type=\"heading.default\">\n\t\t\t\t<div class=\"elementor-widget-container\">\n\t\t\t\t\t<h1 class=\"elementor-heading-title elementor-size-default\">LEGUMES &amp; GRAINS<\/h1>\t\t\t\t<\/div>\n\t\t\t\t<\/div>\n\t\t\t\t\t<\/div>\n\t\t\t\t<\/div>\n\t\t\t\t<section class=\"elementor-section elementor-top-section elementor-element elementor-element-59b529eb elementor-section-content-middle elementor-section-boxed elementor-section-height-default elementor-section-height-default\" data-id=\"59b529eb\" data-element_type=\"section\" data-e-type=\"section\" data-settings=\"{&quot;background_background&quot;:&quot;classic&quot;}\">\n\t\t\t\t\t\t\t<div class=\"elementor-background-overlay\"><\/div>\n\t\t\t\t\t\t\t<div class=\"elementor-container elementor-column-gap-no\">\n\t\t\t\t\t<div class=\"elementor-column elementor-col-50 elementor-top-column elementor-element elementor-element-1448826f\" data-id=\"1448826f\" data-element_type=\"column\" data-e-type=\"column\">\n\t\t\t<div class=\"elementor-widget-wrap elementor-element-populated\">\n\t\t\t\t\t\t<div class=\"elementor-element elementor-element-6ea77d58 elementor-widget elementor-widget-image\" data-id=\"6ea77d58\" data-element_type=\"widget\" data-e-type=\"widget\" data-widget_type=\"image.default\">\n\t\t\t\t<div class=\"elementor-widget-container\">\n\t\t\t\t\t\t\t\t\t\t\t\t\t\t\t<img fetchpriority=\"high\" decoding=\"async\" width=\"2560\" height=\"1707\" src=\"https:\/\/apextrading.us\/wp-content\/uploads\/2024\/04\/3bb3810e845c333ff6d117448f4bdc95b551d8ce-scaled.jpeg\" class=\"attachment-full size-full wp-image-5082\" alt=\"\" srcset=\"https:\/\/apextrading.us\/wp-content\/uploads\/2024\/04\/3bb3810e845c333ff6d117448f4bdc95b551d8ce-scaled.jpeg 2560w, https:\/\/apextrading.us\/wp-content\/uploads\/2024\/04\/3bb3810e845c333ff6d117448f4bdc95b551d8ce-300x200.jpeg 300w, https:\/\/apextrading.us\/wp-content\/uploads\/2024\/04\/3bb3810e845c333ff6d117448f4bdc95b551d8ce-1024x683.jpeg 1024w, https:\/\/apextrading.us\/wp-content\/uploads\/2024\/04\/3bb3810e845c333ff6d117448f4bdc95b551d8ce-768x512.jpeg 768w, https:\/\/apextrading.us\/wp-content\/uploads\/2024\/04\/3bb3810e845c333ff6d117448f4bdc95b551d8ce-1536x1024.jpeg 1536w, https:\/\/apextrading.us\/wp-content\/uploads\/2024\/04\/3bb3810e845c333ff6d117448f4bdc95b551d8ce-2048x1365.jpeg 2048w, https:\/\/apextrading.us\/wp-content\/uploads\/2024\/04\/3bb3810e845c333ff6d117448f4bdc95b551d8ce-18x12.jpeg 18w\" sizes=\"(max-width: 2560px) 100vw, 2560px\" \/>\t\t\t\t\t\t\t\t\t\t\t\t\t\t\t<\/div>\n\t\t\t\t<\/div>\n\t\t\t\t<div class=\"elementor-element elementor-element-52373026 elementor-widget elementor-widget-button\" data-id=\"52373026\" data-element_type=\"widget\" data-e-type=\"widget\" data-widget_type=\"button.default\">\n\t\t\t\t<div class=\"elementor-widget-container\">\n\t\t\t\t\t\t\t\t\t<div class=\"elementor-button-wrapper\">\n\t\t\t\t\t<a class=\"elementor-button elementor-button-link elementor-size-sm\" href=\"https:\/\/apextrading.us\/contact\/\">\n\t\t\t\t\t\t<span class=\"elementor-button-content-wrapper\">\n\t\t\t\t\t\t\t\t\t<span class=\"elementor-button-text\">CONT\u00c1CTANOS<\/span>\n\t\t\t\t\t<\/span>\n\t\t\t\t\t<\/a>\n\t\t\t\t<\/div>\n\t\t\t\t\t\t\t\t<\/div>\n\t\t\t\t<\/div>\n\t\t\t\t\t<\/div>\n\t\t<\/div>\n\t\t\t\t<div class=\"elementor-column elementor-col-50 elementor-top-column elementor-element elementor-element-13b62799\" data-id=\"13b62799\" data-element_type=\"column\" data-e-type=\"column\">\n\t\t\t<div class=\"elementor-widget-wrap elementor-element-populated\">\n\t\t\t\t\t\t<div class=\"elementor-element elementor-element-19be7b96 elementor-widget elementor-widget-heading\" data-id=\"19be7b96\" data-element_type=\"widget\" data-e-type=\"widget\" id=\"lentils\" data-widget_type=\"heading.default\">\n\t\t\t\t<div class=\"elementor-widget-container\">\n\t\t\t\t\t<h2 class=\"elementor-heading-title elementor-size-default\">Lentejas verdes y rojas canadienses<\/h2>\t\t\t\t<\/div>\n\t\t\t\t<\/div>\n\t\t\t\t<div class=\"elementor-element elementor-element-28ed9f40 elementor-widget elementor-widget-text-editor\" data-id=\"28ed9f40\" data-element_type=\"widget\" data-e-type=\"widget\" data-widget_type=\"text-editor.default\">\n\t\t\t\t<div class=\"elementor-widget-container\">\n\t\t\t\t\t\t\t\t\t<p>Las lentejas, una potencia de nutrici\u00f3n, son celebradas por su alto contenido de fibra, prote\u00ednas, vitaminas y minerales. Canad\u00e1 se destaca como un importante productor y exportador de LENTEJAS. La fibra en las lentejas desempe\u00f1a un papel crucial en la reducci\u00f3n del colesterol y en la disminuci\u00f3n del riesgo de enfermedades card\u00edacas, al tiempo que beneficia a quienes padecen diabetes o hiperglucemia. El hierro, un mineral vital presente en las lentejas, mejora el transporte de ox\u00edgeno dentro del cuerpo, aumentando as\u00ed la energ\u00eda y el metabolismo. Las lentejas se clasifican en dos clases principales seg\u00fan el color de su capa de semillas: Lentejas Rojas y Lentejas que no son rojas. La diversidad en las variedades de lentejas es notable, con capas de semillas que pueden ser verdes, rojas, verdes moteadas, negras o marrones, y colores de cotiledones que incluyen rojo, amarillo o verde, mostrando la rica variedad que ofrece esta legumbre.<\/p>\t\t\t\t\t\t\t\t<\/div>\n\t\t\t\t<\/div>\n\t\t\t\t\t<\/div>\n\t\t<\/div>\n\t\t\t\t\t<\/div>\n\t\t<\/section>\n\t\t\t\t<section class=\"elementor-section elementor-top-section elementor-element elementor-element-563a6862 elementor-section-content-middle elementor-reverse-mobile elementor-section-boxed elementor-section-height-default elementor-section-height-default\" data-id=\"563a6862\" data-element_type=\"section\" data-e-type=\"section\" data-settings=\"{&quot;background_background&quot;:&quot;classic&quot;}\">\n\t\t\t\t\t\t\t<div class=\"elementor-background-overlay\"><\/div>\n\t\t\t\t\t\t\t<div class=\"elementor-container elementor-column-gap-no\">\n\t\t\t\t\t<div class=\"elementor-column elementor-col-50 elementor-top-column elementor-element elementor-element-4b2d739f\" data-id=\"4b2d739f\" data-element_type=\"column\" data-e-type=\"column\">\n\t\t\t<div class=\"elementor-widget-wrap elementor-element-populated\">\n\t\t\t\t\t\t<div class=\"elementor-element elementor-element-345376e elementor-widget elementor-widget-heading\" data-id=\"345376e\" data-element_type=\"widget\" data-e-type=\"widget\" id=\"grains\" data-widget_type=\"heading.default\">\n\t\t\t\t<div class=\"elementor-widget-container\">\n\t\t\t\t\t<h2 class=\"elementor-heading-title elementor-size-default\">Cereales para alimentaci\u00f3n<\/h2>\t\t\t\t<\/div>\n\t\t\t\t<\/div>\n\t\t\t\t<div class=\"elementor-element elementor-element-2cd14cda elementor-widget elementor-widget-text-editor\" data-id=\"2cd14cda\" data-element_type=\"widget\" data-e-type=\"widget\" data-widget_type=\"text-editor.default\">\n\t\t\t\t<div class=\"elementor-widget-container\">\n\t\t\t\t\t\t\t\t\t<p>El ma\u00edz, el sorgo, la cebada y la avena son los principales cereales para alimentaci\u00f3n, siendo el ma\u00edz el m\u00e1s significativo en Estados Unidos, donde representa m\u00e1s del 95% de la producci\u00f3n y uso total de cereales para alimentaci\u00f3n. Estados Unidos es el principal productor, consumidor y exportador mundial de ma\u00edz, plantando aproximadamente 90 millones de acres anualmente, principalmente en la regi\u00f3n del Medio Oeste. Adem\u00e1s de servir como la principal fuente de energ\u00eda en la alimentaci\u00f3n del ganado, una parte significativa del ma\u00edz tambi\u00e9n se utiliza en la producci\u00f3n de biocombustibles. Esta utilizaci\u00f3n subraya el papel cr\u00edtico del ma\u00edz en apoyar tanto al sector agr\u00edcola como al de energ\u00edas renovables.\u00a0<strong><a href=\"https:\/\/apexgroupintl.com\/contact\/\"> Apex Trading is your reliable sourcing partner for all your Grains needs and requirements!!<\/a><\/strong><\/p>\t\t\t\t\t\t\t\t<\/div>\n\t\t\t\t<\/div>\n\t\t\t\t<div class=\"elementor-element elementor-element-5791fb0b elementor-widget elementor-widget-button\" data-id=\"5791fb0b\" data-element_type=\"widget\" data-e-type=\"widget\" data-widget_type=\"button.default\">\n\t\t\t\t<div class=\"elementor-widget-container\">\n\t\t\t\t\t\t\t\t\t<div class=\"elementor-button-wrapper\">\n\t\t\t\t\t<a class=\"elementor-button elementor-button-link elementor-size-sm\" href=\"https:\/\/apextrading.us\/contact\/\">\n\t\t\t\t\t\t<span class=\"elementor-button-content-wrapper\">\n\t\t\t\t\t\t\t\t\t<span class=\"elementor-button-text\">CONT\u00c1CTANOS<\/span>\n\t\t\t\t\t<\/span>\n\t\t\t\t\t<\/a>\n\t\t\t\t<\/div>\n\t\t\t\t\t\t\t\t<\/div>\n\t\t\t\t<\/div>\n\t\t\t\t\t<\/div>\n\t\t<\/div>\n\t\t\t\t<div class=\"elementor-column elementor-col-50 elementor-top-column elementor-element elementor-element-105a867\" data-id=\"105a867\" data-element_type=\"column\" data-e-type=\"column\">\n\t\t\t<div class=\"elementor-widget-wrap elementor-element-populated\">\n\t\t\t\t\t\t<div class=\"elementor-element elementor-element-14e92a34 elementor-widget elementor-widget-image\" data-id=\"14e92a34\" data-element_type=\"widget\" data-e-type=\"widget\" data-widget_type=\"image.default\">\n\t\t\t\t<div class=\"elementor-widget-container\">\n\t\t\t\t\t\t\t\t\t\t\t\t\t\t\t<img decoding=\"async\" width=\"1000\" height=\"667\" src=\"https:\/\/apextrading.us\/wp-content\/uploads\/2024\/04\/cba_feedgrains1k.jpg\" class=\"attachment-full size-full wp-image-5106\" alt=\"\" srcset=\"https:\/\/apextrading.us\/wp-content\/uploads\/2024\/04\/cba_feedgrains1k.jpg 1000w, https:\/\/apextrading.us\/wp-content\/uploads\/2024\/04\/cba_feedgrains1k-300x200.jpg 300w, https:\/\/apextrading.us\/wp-content\/uploads\/2024\/04\/cba_feedgrains1k-768x512.jpg 768w, https:\/\/apextrading.us\/wp-content\/uploads\/2024\/04\/cba_feedgrains1k-18x12.jpg 18w\" sizes=\"(max-width: 1000px) 100vw, 1000px\" \/>\t\t\t\t\t\t\t\t\t\t\t\t\t\t\t<\/div>\n\t\t\t\t<\/div>\n\t\t\t\t\t<\/div>\n\t\t<\/div>\n\t\t\t\t\t<\/div>\n\t\t<\/section>\n\t\t<div class=\"elementor-element elementor-element-7b06e303 e-flex e-con-boxed e-con e-parent\" data-id=\"7b06e303\" data-element_type=\"container\" data-e-type=\"container\" data-settings=\"{&quot;background_background&quot;:&quot;classic&quot;}\">\n\t\t\t\t\t<div class=\"e-con-inner\">\n\t\t<div class=\"elementor-element elementor-element-1777c14d e-con-full e-flex e-con e-child\" data-id=\"1777c14d\" data-element_type=\"container\" data-e-type=\"container\">\n\t\t\t\t<\/div>\n\t\t<div class=\"elementor-element elementor-element-55cd8d7a e-con-full e-flex e-con e-child\" data-id=\"55cd8d7a\" data-element_type=\"container\" data-e-type=\"container\">\n\t\t\t\t<div class=\"elementor-element elementor-element-5f81470a elementor-widget elementor-widget-heading\" data-id=\"5f81470a\" data-element_type=\"widget\" data-e-type=\"widget\" data-widget_type=\"heading.default\">\n\t\t\t\t<div class=\"elementor-widget-container\">\n\t\t\t\t\t<h3 class=\"elementor-heading-title elementor-size-default\">Enlaces de inter\u00e9s<\/h3>\t\t\t\t<\/div>\n\t\t\t\t<\/div>\n\t\t\t\t<div class=\"elementor-element elementor-element-1f1064b8 elementor-widget elementor-widget-text-editor\" data-id=\"1f1064b8\" data-element_type=\"widget\" data-e-type=\"widget\" data-widget_type=\"text-editor.default\">\n\t\t\t\t<div class=\"elementor-widget-container\">\n\t\t\t\t\t\t\t\t\t<p><a href=\"https:\/\/www.fas.usda.gov\/\" target=\"_blank\" rel=\"noopener\"><strong>United States Department of Agriculture (USDA) Foreign Agricultural Service\u00a0<\/strong><\/a><\/p><p>\u00a0<\/p><p><a href=\"https:\/\/www.wto.org\/english\/tratop_e\/agric_e\/agric_e.htm\" target=\"_blank\" rel=\"noopener\"><strong> World Trade Organization (WTO) &#8211; Agriculture<\/strong><\/a><\/p><p><strong><br \/><a href=\"http:\/\/www.fao.org\" target=\"_blank\" rel=\"noopener\">Food and Agriculture Organization (FAO)<\/a><\/strong><\/p>\t\t\t\t\t\t\t\t<\/div>\n\t\t\t\t<\/div>\n\t\t\t\t<\/div>\n\t\t\t\t\t<\/div>\n\t\t\t\t<\/div>\n\t\t\t\t<\/div>","protected":false},"excerpt":{"rendered":"<p>LEGUMES &#038; GRAINS CONTACT US Canadian Green and Red Lentils Lentils, a powerhouse of nutrition, are celebrated for their high content of fiber, proteins, vitamins, and minerals. Canada stands out as a LENTILS\u00a0 key producer and exporter. The fiber in lentils plays a crucial role in lowering cholesterol and reducing the risk of heart disease, [&hellip;]<\/p>\n","protected":false},"author":2,"featured_media":0,"parent":0,"menu_order":0,"comment_status":"closed","ping_status":"closed","template":"","meta":{"site-sidebar-layout":"no-sidebar","site-content-layout":"page-builder","ast-site-content-layout":"","site-content-style":"default","site-sidebar-style":"default","ast-global-header-display":"","ast-banner-title-visibility":"","ast-main-header-display":"","ast-hfb-above-header-display":"","ast-hfb-below-header-display":"","ast-hfb-mobile-header-display":"","site-post-title":"disabled","ast-breadcrumbs-content":"","ast-featured-img":"disabled","footer-sml-layout":"","theme-transparent-header-meta":"enabled","adv-header-id-meta":"","stick-header-meta":"","header-above-stick-meta":"","header-main-stick-meta":"","header-below-stick-meta":"","astra-migrate-meta-layouts":"default","ast-page-background-enabled":"default","ast-page-background-meta":{"desktop":{"background-color":"var(--ast-global-color-4)","background-image":"","background-repeat":"repeat","background-position":"center center","background-size":"auto","background-attachment":"scroll","background-type":"","background-media":"","overlay-type":"","overlay-color":"","overlay-opacity":"","overlay-gradient":""},"tablet":{"background-color":"","background-image":"","background-repeat":"repeat","background-position":"center center","background-size":"auto","background-attachment":"scroll","background-type":"","background-media":"","overlay-type":"","overlay-color":"","overlay-opacity":"","overlay-gradient":""},"mobile":{"background-color":"","background-image":"","background-repeat":"repeat","background-position":"center center","background-size":"auto","background-attachment":"scroll","background-type":"","background-media":"","overlay-type":"","overlay-color":"","overlay-opacity":"","overlay-gradient":""}},"ast-content-background-meta":{"desktop":{"background-color":"var(--ast-global-color-5)","background-image":"","background-repeat":"repeat","background-position":"center center","background-size":"auto","background-attachment":"scroll","background-type":"","background-media":"","overlay-type":"","overlay-color":"","overlay-opacity":"","overlay-gradient":""},"tablet":{"background-color":"var(--ast-global-color-5)","background-image":"","background-repeat":"repeat","background-position":"center center","background-size":"auto","background-attachment":"scroll","background-type":"","background-media":"","overlay-type":"","overlay-color":"","overlay-opacity":"","overlay-gradient":""},"mobile":{"background-color":"var(--ast-global-color-5)","background-image":"","background-repeat":"repeat","background-position":"center center","background-size":"auto","background-attachment":"scroll","background-type":"","background-media":"","overlay-type":"","overlay-color":"","overlay-opacity":"","overlay-gradient":""}},"footnotes":""},"class_list":["post-3605","page","type-page","status-publish","hentry"],"_links":{"self":[{"href":"https:\/\/apextrading.us\/es\/wp-json\/wp\/v2\/pages\/3605","targetHints":{"allow":["GET"]}}],"collection":[{"href":"https:\/\/apextrading.us\/es\/wp-json\/wp\/v2\/pages"}],"about":[{"href":"https:\/\/apextrading.us\/es\/wp-json\/wp\/v2\/types\/page"}],"author":[{"embeddable":true,"href":"https:\/\/apextrading.us\/es\/wp-json\/wp\/v2\/users\/2"}],"replies":[{"embeddable":true,"href":"https:\/\/apextrading.us\/es\/wp-json\/wp\/v2\/comments?post=3605"}],"version-history":[{"count":118,"href":"https:\/\/apextrading.us\/es\/wp-json\/wp\/v2\/pages\/3605\/revisions"}],"predecessor-version":[{"id":6024,"href":"https:\/\/apextrading.us\/es\/wp-json\/wp\/v2\/pages\/3605\/revisions\/6024"}],"wp:attachment":[{"href":"https:\/\/apextrading.us\/es\/wp-json\/wp\/v2\/media?parent=3605"}],"curies":[{"name":"wp","href":"https:\/\/api.w.org\/{rel}","templated":true}]}}