{"id":1318,"date":"2021-11-21T15:14:19","date_gmt":"2021-11-21T15:14:19","guid":{"rendered":"http:\/\/apextrading.us\/about"},"modified":"2024-04-26T19:45:48","modified_gmt":"2024-04-26T19:45:48","slug":"our-sugar-trade","status":"publish","type":"page","link":"https:\/\/apextrading.us\/es\/our-sugar-trade\/","title":{"rendered":"NUESTRO COMERCIO DE AZUCAR"},"content":{"rendered":"<div data-elementor-type=\"wp-page\" data-elementor-id=\"1318\" class=\"elementor elementor-1318\" data-elementor-post-type=\"page\">\n\t\t\t\t<div class=\"elementor-element elementor-element-b485c57 e-flex e-con-boxed e-con e-parent\" data-id=\"b485c57\" data-element_type=\"container\" data-e-type=\"container\" data-settings=\"{&quot;background_background&quot;:&quot;classic&quot;}\">\n\t\t\t\t\t<div class=\"e-con-inner\">\n\t\t\t\t<div class=\"elementor-element elementor-element-582eb7b elementor-invisible elementor-widget elementor-widget-heading\" data-id=\"582eb7b\" data-element_type=\"widget\" data-e-type=\"widget\" data-settings=\"{&quot;_animation&quot;:&quot;zoomIn&quot;}\" data-widget_type=\"heading.default\">\n\t\t\t\t<div class=\"elementor-widget-container\">\n\t\t\t\t\t<h1 class=\"elementor-heading-title elementor-size-default\">AZUCAR BRASILE\u00d1A <\/h1>\t\t\t\t<\/div>\n\t\t\t\t<\/div>\n\t\t\t\t\t<\/div>\n\t\t\t\t<\/div>\n\t\t<div class=\"elementor-element elementor-element-aac19e2 e-flex e-con-boxed e-con e-parent\" data-id=\"aac19e2\" data-element_type=\"container\" data-e-type=\"container\" data-settings=\"{&quot;background_background&quot;:&quot;classic&quot;}\">\n\t\t\t\t\t<div class=\"e-con-inner\">\n\t\t<div class=\"elementor-element elementor-element-1f7f824 e-con-full e-flex e-con e-child\" data-id=\"1f7f824\" data-element_type=\"container\" data-e-type=\"container\">\n\t\t\t\t<div class=\"elementor-element elementor-element-8a22b56 elementor-widget elementor-widget-heading\" data-id=\"8a22b56\" data-element_type=\"widget\" data-e-type=\"widget\" data-widget_type=\"heading.default\">\n\t\t\t\t<div class=\"elementor-widget-container\">\n\t\t\t\t\t<h2 class=\"elementor-heading-title elementor-size-default\">Az\u00facares ICUMSA\n\n<\/h2>\t\t\t\t<\/div>\n\t\t\t\t<\/div>\n\t\t\t\t<div class=\"elementor-element elementor-element-103ff30 elementor-widget elementor-widget-text-editor\" data-id=\"103ff30\" data-element_type=\"widget\" data-e-type=\"widget\" data-widget_type=\"text-editor.default\">\n\t\t\t\t<div class=\"elementor-widget-container\">\n\t\t\t\t\t\t\t\t\t<p><strong>ICUMSA 45 (Az\u00facar refinado blanco):<\/strong><\/p><ul><li><strong>Descripci\u00f3n:<\/strong> A menudo denominado \"extra fino\" o \"az\u00facar de mesa\", el ICUMSA 45 es el az\u00facar de m\u00e1s alta calidad disponible en el mercado. Se caracteriza por su color blanco brillante y se conoce por su pureza.<\/li><li><strong>Aplicaciones:<\/strong> Ideal para consumo humano y utilizado ampliamente en la industria alimentaria para productos como pasteles, dulces, refrescos y alimentos conservados. Se disuelve r\u00e1pidamente, lo que lo hace perfecto para la producci\u00f3n de alimentos comerciales.<\/li><\/ul><p><strong>ICUMSA 100-150 (Az\u00facar ligeramente menos refinado):<\/strong><\/p><ul><li><strong>Descripci\u00f3n:<\/strong> Este az\u00facar tiene un nivel de pureza ligeramente menor que el ICUMSA 45 pero a\u00fan conserva un color blanco. Contiene cantidades m\u00ednimas de colorantes u otros productos qu\u00edmicos.<\/li><li><strong>Aplicaciones:<\/strong> Adecuado para la mayor\u00eda de los usos que no requieren el nivel de brillo m\u00e1s alto del ICUMSA 45. A menudo se utiliza en la cocina y la reposter\u00eda, y como edulcorante para bebidas.<\/li><\/ul><p><strong>ICUMSA 600-1200 (Az\u00facar crudo):<\/strong><\/p><ul><li><strong>Descripci\u00f3n:<\/strong> Este tipo de az\u00facar es menos refinado, con un mayor contenido de melaza, lo que le otorga un color m\u00e1s oscuro. El n\u00famero indica el nivel de color (cuanto m\u00e1s alto sea el n\u00famero, m\u00e1s oscuro ser\u00e1 el az\u00facar).<\/li><li><strong>Aplicaciones:<\/strong> Principalmente utilizado en entornos industriales para su posterior refinamiento. Tambi\u00e9n se utiliza para producir ron y otras bebidas destiladas. En algunas cocinas regionales, se utiliza por su sabor m\u00e1s rico<\/li><\/ul>\t\t\t\t\t\t\t\t<\/div>\n\t\t\t\t<\/div>\n\t\t\t\t<\/div>\n\t\t<div class=\"elementor-element elementor-element-07afb6e e-con-full e-flex e-con e-child\" data-id=\"07afb6e\" data-element_type=\"container\" data-e-type=\"container\">\n\t\t\t\t<div class=\"elementor-element elementor-element-4b908a2 elementor-widget elementor-widget-image-carousel\" data-id=\"4b908a2\" data-element_type=\"widget\" data-e-type=\"widget\" data-settings=\"{&quot;slides_to_show&quot;:&quot;1&quot;,&quot;navigation&quot;:&quot;none&quot;,&quot;autoplay_speed&quot;:3000,&quot;autoplay&quot;:&quot;yes&quot;,&quot;pause_on_hover&quot;:&quot;yes&quot;,&quot;pause_on_interaction&quot;:&quot;yes&quot;,&quot;infinite&quot;:&quot;yes&quot;,&quot;effect&quot;:&quot;slide&quot;,&quot;speed&quot;:500}\" data-widget_type=\"image-carousel.default\">\n\t\t\t\t<div class=\"elementor-widget-container\">\n\t\t\t\t\t\t\t<div class=\"elementor-image-carousel-wrapper swiper\" role=\"region\" aria-roledescription=\"carousel\" aria-label=\"Image Carousel\" dir=\"ltr\">\n\t\t\t<div class=\"elementor-image-carousel swiper-wrapper\" aria-live=\"off\">\n\t\t\t\t\t\t\t\t<div class=\"swiper-slide\" role=\"group\" aria-roledescription=\"slide\" aria-label=\"1 of 3\"><figure class=\"swiper-slide-inner\"><img decoding=\"async\" class=\"swiper-slide-image\" src=\"https:\/\/apextrading.us\/wp-content\/uploads\/2024\/04\/E5.png\" alt=\"E5\" \/><\/figure><\/div><div class=\"swiper-slide\" role=\"group\" aria-roledescription=\"slide\" aria-label=\"2 of 3\"><figure class=\"swiper-slide-inner\"><img decoding=\"async\" class=\"swiper-slide-image\" src=\"https:\/\/apextrading.us\/wp-content\/uploads\/2024\/04\/E3.png\" alt=\"E3\" \/><\/figure><\/div><div class=\"swiper-slide\" role=\"group\" aria-roledescription=\"slide\" aria-label=\"3 of 3\"><figure class=\"swiper-slide-inner\"><img decoding=\"async\" class=\"swiper-slide-image\" src=\"https:\/\/apextrading.us\/wp-content\/uploads\/2024\/04\/E1.png\" alt=\"E1\" \/><\/figure><\/div>\t\t\t<\/div>\n\t\t\t\t\t\t\t\n\t\t\t\t\t\t\t\t\t<\/div>\n\t\t\t\t\t\t<\/div>\n\t\t\t\t<\/div>\n\t\t\t\t<\/div>\n\t\t\t\t\t<\/div>\n\t\t\t\t<\/div>\n\t\t<div class=\"elementor-element elementor-element-4ec09b1 e-flex e-con-boxed e-con e-parent\" data-id=\"4ec09b1\" data-element_type=\"container\" data-e-type=\"container\" data-settings=\"{&quot;background_background&quot;:&quot;classic&quot;}\">\n\t\t\t\t\t<div class=\"e-con-inner\">\n\t\t\t\t<div class=\"elementor-element elementor-element-481e3a0 elementor-widget elementor-widget-heading\" data-id=\"481e3a0\" data-element_type=\"widget\" data-e-type=\"widget\" data-widget_type=\"heading.default\">\n\t\t\t\t<div class=\"elementor-widget-container\">\n\t\t\t\t\t<h5 class=\"elementor-heading-title elementor-size-default\">Cont\u00e1ctanos<\/h5>\t\t\t\t<\/div>\n\t\t\t\t<\/div>\n\t\t\t\t<div class=\"elementor-element elementor-element-594512f elementor-widget elementor-widget-heading\" data-id=\"594512f\" data-element_type=\"widget\" data-e-type=\"widget\" data-widget_type=\"heading.default\">\n\t\t\t\t<div class=\"elementor-widget-container\">\n\t\t\t\t\t<h5 class=\"elementor-heading-title elementor-size-default\">Descubre c\u00f3mo APEX TRADING puede marcar la diferencia en tu estrategia de comercio de materias primas. Para obtener m\u00e1s informaci\u00f3n sobre nuestros servicios o para discutir tus necesidades espec\u00edficas, cont\u00e1ctanos: <\/h5>\t\t\t\t<\/div>\n\t\t\t\t<\/div>\n\t\t\t\t<div class=\"elementor-element elementor-element-d18b7a3 elementor-align-center elementor-widget elementor-widget-button\" data-id=\"d18b7a3\" data-element_type=\"widget\" data-e-type=\"widget\" data-widget_type=\"button.default\">\n\t\t\t\t<div class=\"elementor-widget-container\">\n\t\t\t\t\t\t\t\t\t<div class=\"elementor-button-wrapper\">\n\t\t\t\t\t<a class=\"elementor-button elementor-button-link elementor-size-sm\" href=\"https:\/\/apextrading.us\/contact\/\">\n\t\t\t\t\t\t<span class=\"elementor-button-content-wrapper\">\n\t\t\t\t\t\t\t\t\t<span class=\"elementor-button-text\">Cont\u00e1ctenos aqu\u00ed<\/span>\n\t\t\t\t\t<\/span>\n\t\t\t\t\t<\/a>\n\t\t\t\t<\/div>\n\t\t\t\t\t\t\t\t<\/div>\n\t\t\t\t<\/div>\n\t\t\t\t\t<\/div>\n\t\t\t\t<\/div>\n\t\t<div class=\"elementor-element elementor-element-89096e6 e-flex e-con-boxed e-con e-parent\" data-id=\"89096e6\" data-element_type=\"container\" data-e-type=\"container\" data-settings=\"{&quot;background_background&quot;:&quot;classic&quot;}\">\n\t\t\t\t\t<div class=\"e-con-inner\">\n\t\t\t\t<div class=\"elementor-element elementor-element-8cc06d0 elementor-widget elementor-widget-heading\" data-id=\"8cc06d0\" data-element_type=\"widget\" data-e-type=\"widget\" data-widget_type=\"heading.default\">\n\t\t\t\t<div class=\"elementor-widget-container\">\n\t\t\t\t\t<h5 class=\"elementor-heading-title elementor-size-default\">Construyendo el futuro del comercio de az\u00facar, una transacci\u00f3n a la vez.<\/h5>\t\t\t\t<\/div>\n\t\t\t\t<\/div>\n\t\t\t\t<div class=\"elementor-element elementor-element-c2cb96b elementor-widget-tablet__width-inherit elementor-widget elementor-widget-heading\" data-id=\"c2cb96b\" data-element_type=\"widget\" data-e-type=\"widget\" data-widget_type=\"heading.default\">\n\t\t\t\t<div class=\"elementor-widget-container\">\n\t\t\t\t\t<h4 class=\"elementor-heading-title elementor-size-default\">En APEX TRADING, nos enorgullecemos de nuestras profundas ra\u00edces en la rica industria de la ca\u00f1a de az\u00facar de Brasil. Con d\u00e9cadas de experiencia, hemos perfeccionado nuestras relaciones en la exportaci\u00f3n de varios tipos de az\u00facar, aprovechando las \u00f3ptimas condiciones de cultivo de Brasil para producir productos de az\u00facar de primera calidad. Nuestra misi\u00f3n es endulzar el mundo, un env\u00edo a la vez, mientras mantenemos los valores de sostenibilidad y satisfacci\u00f3n del cliente.<\/h4>\t\t\t\t<\/div>\n\t\t\t\t<\/div>\n\t\t\t\t\t<\/div>\n\t\t\t\t<\/div>\n\t\t<div class=\"elementor-element elementor-element-22825f3 e-flex e-con-boxed e-con e-parent\" data-id=\"22825f3\" data-element_type=\"container\" data-e-type=\"container\" data-settings=\"{&quot;background_background&quot;:&quot;classic&quot;}\">\n\t\t\t\t\t<div class=\"e-con-inner\">\n\t\t<div class=\"elementor-element elementor-element-e6150a2 e-con-full e-flex e-con e-child\" data-id=\"e6150a2\" data-element_type=\"container\" data-e-type=\"container\">\n\t\t\t\t<div class=\"elementor-element elementor-element-9b85f4b elementor-widget elementor-widget-image\" data-id=\"9b85f4b\" data-element_type=\"widget\" data-e-type=\"widget\" data-widget_type=\"image.default\">\n\t\t\t\t<div class=\"elementor-widget-container\">\n\t\t\t\t\t\t\t\t\t\t\t\t\t\t\t<img fetchpriority=\"high\" decoding=\"async\" width=\"612\" height=\"445\" src=\"https:\/\/apextrading.us\/wp-content\/uploads\/2024\/04\/istockphoto-990083620-612x612-1.jpg\" class=\"attachment-full size-full wp-image-4390\" alt=\"\" srcset=\"https:\/\/apextrading.us\/wp-content\/uploads\/2024\/04\/istockphoto-990083620-612x612-1.jpg 612w, https:\/\/apextrading.us\/wp-content\/uploads\/2024\/04\/istockphoto-990083620-612x612-1-300x218.jpg 300w\" sizes=\"(max-width: 612px) 100vw, 612px\" \/>\t\t\t\t\t\t\t\t\t\t\t\t\t\t\t<\/div>\n\t\t\t\t<\/div>\n\t\t\t\t<\/div>\n\t\t<div class=\"elementor-element elementor-element-96bd502 e-con-full e-flex e-con e-child\" data-id=\"96bd502\" data-element_type=\"container\" data-e-type=\"container\">\n\t\t\t\t<div class=\"elementor-element elementor-element-ef27828 elementor-widget elementor-widget-text-editor\" data-id=\"ef27828\" data-element_type=\"widget\" data-e-type=\"widget\" data-widget_type=\"text-editor.default\">\n\t\t\t\t<div class=\"elementor-widget-container\">\n\t\t\t\t\t\t\t\t\t<p><strong>Nuestros M\u00e9todos<\/strong><\/p><ul><li><strong>Excelencia en la Adquisici\u00f3n:<\/strong> We source our sugar directly from top-tier producers in Brazil, ensuring that every product is of the highest quality for our transactions.<\/li><li><strong>Capacidades:<\/strong> With advanced logistical processes, we guarantee efficient and timely delivery of your products worldwide.<\/li><li><strong>Aseguramiento de la Calidad:<\/strong> Nuestras rigurosas medidas de control de calidad garantizan que todos nuestros productos de az\u00facar cumplan con los est\u00e1ndares globales de seguridad alimentaria.<\/li><li><strong>Compromiso:<\/strong> Estamos dedicados a pr\u00e1cticas sostenibles, minimizando el impacto ambiental mientras apoyamos a las comunidades locales.<\/li><\/ul>\t\t\t\t\t\t\t\t<\/div>\n\t\t\t\t<\/div>\n\t\t\t\t<div class=\"elementor-element elementor-element-5fde1a9 elementor-widget elementor-widget-text-editor\" data-id=\"5fde1a9\" data-element_type=\"widget\" data-e-type=\"widget\" data-widget_type=\"text-editor.default\">\n\t\t\t\t<div class=\"elementor-widget-container\">\n\t\t\t\t\t\t\t\t\t<p><strong>Nuestros Valores<\/strong><\/p><ul><li><strong>Integridad y Transparencia:<\/strong> Operamos con los m\u00e1s altos niveles de honestidad y transparencia, asegurando pr\u00e1cticas justas en todas nuestras transacciones.<\/li><li><strong>Enfoque en el Cliente:<\/strong> Priorizamos las necesidades de nuestros clientes, esforz\u00e1ndonos por proporcionar soluciones personalizadas que mejoren sus operaciones comerciales.<\/li><li><strong>Sostenibilidad:<\/strong> Estamos dedicados a promover pr\u00e1cticas sostenibles en todas nuestras operaciones y cadenas de suministro para proteger el medio ambiente y apoyar a nuestras comunidades.<\/li><li><strong>Innovaci\u00f3n:<\/strong> Buscamos continuamente formas innovadoras de mejorar nuestros servicios y adaptarnos a las din\u00e1micas cambiantes del mercado.<\/li><\/ul>\t\t\t\t\t\t\t\t<\/div>\n\t\t\t\t<\/div>\n\t\t\t\t<div class=\"elementor-element elementor-element-650a9be elementor-widget elementor-widget-text-editor\" data-id=\"650a9be\" data-element_type=\"widget\" data-e-type=\"widget\" data-widget_type=\"text-editor.default\">\n\t\t\t\t<div class=\"elementor-widget-container\">\n\t\t\t\t\t\t\t\t\t<p><strong>\u00bfPor qu\u00e9 elegirnos?<\/strong><\/p><ul><li><strong>Fiabilidad:<\/strong> Tenemos un historial comprobado de cumplir con pedidos grandes a tiempo y dentro del presupuesto.<\/li><li><strong>Flexibilidad:<\/strong> Nuestra amplia gama de productos y opciones de empaque pueden adaptarse para satisfacer las necesidades espec\u00edficas de los clientes.<\/li><li><strong>Apoyo experto:<\/strong> Nuestro equipo de expertos brinda un servicio personalizado y siempre est\u00e1 disponible para responder preguntas y proporcionar informaci\u00f3n sobre el mercado.<\/li><\/ul>\t\t\t\t\t\t\t\t<\/div>\n\t\t\t\t<\/div>\n\t\t\t\t<\/div>\n\t\t\t\t\t<\/div>\n\t\t\t\t<\/div>\n\t\t<div class=\"elementor-element elementor-element-b3d3aca e-flex e-con-boxed e-con e-parent\" data-id=\"b3d3aca\" data-element_type=\"container\" data-e-type=\"container\" data-settings=\"{&quot;background_background&quot;:&quot;classic&quot;}\">\n\t\t\t\t\t<div class=\"e-con-inner\">\n\t\t\t\t<div class=\"elementor-element elementor-element-9e5d64b elementor-widget elementor-widget-heading\" data-id=\"9e5d64b\" data-element_type=\"widget\" data-e-type=\"widget\" data-widget_type=\"heading.default\">\n\t\t\t\t<div class=\"elementor-widget-container\">\n\t\t\t\t\t<h4 class=\"elementor-heading-title elementor-size-default\">\u00bfInteresado en obtener m\u00e1s informaci\u00f3n sobre nuestros productos o realizar un pedido? \u00a1Cont\u00e1ctenos hoy mismo para descubrir c\u00f3mo APEX Trading puede satisfacer sus necesidades de az\u00facar con los m\u00e1s altos est\u00e1ndares de servicio y calidad!<\/h4>\t\t\t\t<\/div>\n\t\t\t\t<\/div>\n\t\t\t\t<div class=\"elementor-element elementor-element-72557af e-transform elementor-invisible elementor-widget elementor-widget-image\" data-id=\"72557af\" data-element_type=\"widget\" data-e-type=\"widget\" data-settings=\"{&quot;motion_fx_motion_fx_mouse&quot;:&quot;yes&quot;,&quot;_animation&quot;:&quot;pulse&quot;,&quot;_transform_scale_effect&quot;:{&quot;unit&quot;:&quot;px&quot;,&quot;size&quot;:&quot;&quot;,&quot;sizes&quot;:[]},&quot;_transform_scale_effect_tablet&quot;:{&quot;unit&quot;:&quot;px&quot;,&quot;size&quot;:&quot;&quot;,&quot;sizes&quot;:[]},&quot;_transform_scale_effect_mobile&quot;:{&quot;unit&quot;:&quot;px&quot;,&quot;size&quot;:&quot;&quot;,&quot;sizes&quot;:[]}}\" data-widget_type=\"image.default\">\n\t\t\t\t<div class=\"elementor-widget-container\">\n\t\t\t\t\t\t\t\t\t\t\t\t\t\t\t\t<a href=\"https:\/\/apexgroupintl.com\/contact\/\">\n\t\t\t\t\t\t\t<img decoding=\"async\" width=\"1080\" height=\"675\" src=\"https:\/\/apextrading.us\/wp-content\/uploads\/2024\/04\/1633101924098.jpeg\" class=\"elementor-animation-pulse attachment-1536x1536 size-1536x1536 wp-image-4891\" alt=\"\" srcset=\"https:\/\/apextrading.us\/wp-content\/uploads\/2024\/04\/1633101924098.jpeg 1080w, https:\/\/apextrading.us\/wp-content\/uploads\/2024\/04\/1633101924098-300x188.jpeg 300w, https:\/\/apextrading.us\/wp-content\/uploads\/2024\/04\/1633101924098-1024x640.jpeg 1024w, https:\/\/apextrading.us\/wp-content\/uploads\/2024\/04\/1633101924098-768x480.jpeg 768w, https:\/\/apextrading.us\/wp-content\/uploads\/2024\/04\/1633101924098-18x12.jpeg 18w\" sizes=\"(max-width: 1080px) 100vw, 1080px\" \/>\t\t\t\t\t\t\t\t<\/a>\n\t\t\t\t\t\t\t\t\t\t\t\t\t\t\t<\/div>\n\t\t\t\t<\/div>\n\t\t\t\t\t<\/div>\n\t\t\t\t<\/div>\n\t\t\t\t<\/div>","protected":false},"excerpt":{"rendered":"<p>BRAZIL SUGAR ICUMSA Sugars ICUMSA 45 (White Refined Sugar): Description: Often referred to as &#8220;extra fine&#8221; or &#8220;table sugar,&#8221; ICUMSA 45 is the highest quality sugar available on the market. It features a sparkling white color and is known for its purity. Applications: Ideal for human consumption and used extensively in the food industry for [&hellip;]<\/p>\n","protected":false},"author":2,"featured_media":0,"parent":0,"menu_order":0,"comment_status":"closed","ping_status":"closed","template":"","meta":{"site-sidebar-layout":"no-sidebar","site-content-layout":"page-builder","ast-site-content-layout":"","site-content-style":"default","site-sidebar-style":"default","ast-global-header-display":"","ast-banner-title-visibility":"","ast-main-header-display":"","ast-hfb-above-header-display":"","ast-hfb-below-header-display":"","ast-hfb-mobile-header-display":"","site-post-title":"disabled","ast-breadcrumbs-content":"","ast-featured-img":"disabled","footer-sml-layout":"","theme-transparent-header-meta":"enabled","adv-header-id-meta":"","stick-header-meta":"","header-above-stick-meta":"","header-main-stick-meta":"","header-below-stick-meta":"","astra-migrate-meta-layouts":"default","ast-page-background-enabled":"default","ast-page-background-meta":{"desktop":{"background-color":"var(--ast-global-color-4)","background-image":"","background-repeat":"repeat","background-position":"center center","background-size":"auto","background-attachment":"scroll","background-type":"","background-media":"","overlay-type":"","overlay-color":"","overlay-opacity":"","overlay-gradient":""},"tablet":{"background-color":"","background-image":"","background-repeat":"repeat","background-position":"center center","background-size":"auto","background-attachment":"scroll","background-type":"","background-media":"","overlay-type":"","overlay-color":"","overlay-opacity":"","overlay-gradient":""},"mobile":{"background-color":"","background-image":"","background-repeat":"repeat","background-position":"center center","background-size":"auto","background-attachment":"scroll","background-type":"","background-media":"","overlay-type":"","overlay-color":"","overlay-opacity":"","overlay-gradient":""}},"ast-content-background-meta":{"desktop":{"background-color":"var(--ast-global-color-5)","background-image":"","background-repeat":"repeat","background-position":"center center","background-size":"auto","background-attachment":"scroll","background-type":"","background-media":"","overlay-type":"","overlay-color":"","overlay-opacity":"","overlay-gradient":""},"tablet":{"background-color":"var(--ast-global-color-5)","background-image":"","background-repeat":"repeat","background-position":"center center","background-size":"auto","background-attachment":"scroll","background-type":"","background-media":"","overlay-type":"","overlay-color":"","overlay-opacity":"","overlay-gradient":""},"mobile":{"background-color":"var(--ast-global-color-5)","background-image":"","background-repeat":"repeat","background-position":"center center","background-size":"auto","background-attachment":"scroll","background-type":"","background-media":"","overlay-type":"","overlay-color":"","overlay-opacity":"","overlay-gradient":""}},"footnotes":""},"class_list":["post-1318","page","type-page","status-publish","hentry"],"_links":{"self":[{"href":"https:\/\/apextrading.us\/es\/wp-json\/wp\/v2\/pages\/1318","targetHints":{"allow":["GET"]}}],"collection":[{"href":"https:\/\/apextrading.us\/es\/wp-json\/wp\/v2\/pages"}],"about":[{"href":"https:\/\/apextrading.us\/es\/wp-json\/wp\/v2\/types\/page"}],"author":[{"embeddable":true,"href":"https:\/\/apextrading.us\/es\/wp-json\/wp\/v2\/users\/2"}],"replies":[{"embeddable":true,"href":"https:\/\/apextrading.us\/es\/wp-json\/wp\/v2\/comments?post=1318"}],"version-history":[{"count":220,"href":"https:\/\/apextrading.us\/es\/wp-json\/wp\/v2\/pages\/1318\/revisions"}],"predecessor-version":[{"id":5272,"href":"https:\/\/apextrading.us\/es\/wp-json\/wp\/v2\/pages\/1318\/revisions\/5272"}],"wp:attachment":[{"href":"https:\/\/apextrading.us\/es\/wp-json\/wp\/v2\/media?parent=1318"}],"curies":[{"name":"wp","href":"https:\/\/api.w.org\/{rel}","templated":true}]}}